{"id":360,"date":"2023-11-09T09:11:29","date_gmt":"2023-11-09T08:11:29","guid":{"rendered":"https:\/\/etspetitspecialistetoiture.fr\/?page_id=360"},"modified":"2024-07-12T15:24:30","modified_gmt":"2024-07-12T13:24:30","slug":"mentions-legales","status":"publish","type":"page","link":"https:\/\/etspetitspecialistetoiture.fr\/index.php\/mentions-legales\/","title":{"rendered":"Mentions l\u00e9gales"},"content":{"rendered":"\t\t<div data-elementor-type=\"wp-page\" data-elementor-id=\"360\" class=\"elementor elementor-360\" data-elementor-settings=\"{&quot;ha_cmc_init_switcher&quot;:&quot;no&quot;}\">\n\t\t\t\t\t\t<section class=\"elementor-section elementor-top-section elementor-element elementor-element-b5fbd4e elementor-section-boxed elementor-section-height-default elementor-section-height-default wpr-particle-no wpr-jarallax-no wpr-parallax-no wpr-sticky-section-no\" data-id=\"b5fbd4e\" data-element_type=\"section\" data-e-type=\"section\" data-settings=\"{&quot;_ha_eqh_enable&quot;:false}\">\n\t\t\t\t\t\t<div class=\"elementor-container elementor-column-gap-default\">\n\t\t\t\t\t<div class=\"elementor-column elementor-col-100 elementor-top-column elementor-element elementor-element-db39139\" data-id=\"db39139\" data-element_type=\"column\" data-e-type=\"column\">\n\t\t\t<div class=\"elementor-widget-wrap elementor-element-populated\">\n\t\t\t\t\t\t<div class=\"elementor-element elementor-element-7cfefb0 elementor-widget elementor-widget-text-editor\" data-id=\"7cfefb0\" data-element_type=\"widget\" data-e-type=\"widget\" data-widget_type=\"text-editor.default\">\n\t\t\t\t<div class=\"elementor-widget-container\">\n\t\t\t\t\t\t\t\t\t<p><strong>Mentions L\u00e9gales<\/strong><\/p><p><strong>Identification :<br \/><\/strong>Nom soci\u00e9t\u00e9 : Ets Petit<br \/>Adresse : <span class=\"OYPEnA text-decoration-none text-strikethrough-none\">262 Rue de Fouqui\u00e8res, 62131 Vaudricourt<\/span><br \/>T\u00e9l\u00e9phone: <span class=\"OYPEnA text-decoration-none text-strikethrough-none\">06 27 58 92 55<\/span><br \/>Email: <span class=\"OYPEnA text-decoration-none text-strikethrough-none\">entreprise.petit@gmail.com<\/span><br \/>TVA :<\/p><p><strong>R\u00e9alisation :<\/strong><br \/>Allographique<br \/>90 Rue des Fr\u00e8res Caron, 62460 DIVION \u2013 France<br \/>TVA\/BCE : FR13880087952<br \/>https:\/\/www.allographique.fr<br \/>T\u00e9l\u00e9phone: 03 66 13 01 38<\/p><p><strong>H\u00e9bergeur :<\/strong><br \/>OVH<br \/>2 Rue Kellermann, 59100 Roubaix<br \/>Site Web : www.ovh.com<\/p><p><strong>Donn\u00e9es personnelles<\/strong><br \/>Aucune information personnelle n\u2019est collect\u00e9e \u00e0 votre insu.<br \/>Aucune information personnelle n\u2019est c\u00e9d\u00e9e \u00e0 un tiers.<br \/>Les donn\u00e9es personnelles recueillies sur le site r\u00e9sultent de la communication volontaire d\u2019informations via les formulaires pr\u00e9sents sur ce site. Ces donn\u00e9es sont exclusivement collect\u00e9es pour un usage interne \u00e0 l\u2019Entreprise : transmission des informations demand\u00e9es ou gestion de l\u2019envoi de la lettre d\u2019information.<br \/>Conform\u00e9ment \u00e0 la loi du 6 janvier 1978 relative \u00e0 l\u2019informatique, aux fichiers et aux libert\u00e9s, vous disposez d\u2019un droit d\u2019acc\u00e8s, de modification, de rectification et de suppression des donn\u00e9es vous concernant.<\/p><p><strong>Droits d\u2019auteur et propri\u00e9t\u00e9 intellectuelle<\/strong><br \/>La structure g\u00e9n\u00e9rale, ainsi que les textes, photos, images et sons composant ce site sont la propri\u00e9t\u00e9 de l\u2019Entreprise. Toute reproduction, totale ou partielle, et toute repr\u00e9sentation du contenu substantiel de ce site, d\u2019un ou de plusieurs de ses composants, par quelque proc\u00e9d\u00e9 que ce soit, sans autorisation expresse de l\u2019Entreprise, est interdite, et constitue une contrefa\u00e7on sanctionn\u00e9e par les articles L.335-2 et suivants du Code de la propri\u00e9t\u00e9 intellectuelle.<br \/>Les informations, pictogrammes, photographies, images, textes, s\u00e9quences vid\u00e9o, anim\u00e9es sonores ou non, et autres documents pr\u00e9sents sur le site Internet sont prot\u00e9g\u00e9s par des droits de propri\u00e9t\u00e9 industrielle et\/ou intellectuelle, soit que L\u2019Entreprise en soit le titulaire, soit qu\u2019elle soit autoris\u00e9e \u00e0 les reproduire et les repr\u00e9senter.<br \/>A ce titre, toute reproduction, repr\u00e9sentation, adaptation, traduction et\/ou modification, partielle ou int\u00e9grale ou transfert sur un autre site sont interdits.<br \/>La copie sur support papier \u00e0 usage priv\u00e9 de ces diff\u00e9rents objets de droits est autoris\u00e9e conform\u00e9ment \u00e0 l\u2019article L122-5 du Code de la Propri\u00e9t\u00e9 Intellectuelle. Leur reproduction partielle ou int\u00e9grale, sans l\u2019accord pr\u00e9alable et \u00e9crit de l\u2019auteur, est strictement interdite.<\/p><p><strong>Responsabilit\u00e9<\/strong><br \/>L\u2019Entreprise ne saurait \u00eatre tenue pour responsable des erreurs mat\u00e9rielles qui se seraient gliss\u00e9es dans les documents pr\u00e9sents sur le site, malgr\u00e9 tout le soin apport\u00e9 \u00e0 leur publication.<br \/>L\u2019Entreprise ne saurait non plus \u00eatre tenue pour responsable des informations, propos et opinions \u00e9mises sur les sites vers lesquels elle pointe par des liens hypertexte et dont elle n\u2019a pas la ma\u00eetrise \u00e9ditoriale.<br \/>L\u2019Entreprise ne peut pas plus \u00eatre tenue pour responsable de la transmission d\u00e9fectueuse des donn\u00e9es dues aux divers r\u00e9seaux de l\u2019Internet ou aux incompatibilit\u00e9s dues au Navigateur de l\u2019Utilisateur.<\/p>\t\t\t\t\t\t\t\t<\/div>\n\t\t\t\t<\/div>\n\t\t\t\t\t<\/div>\n\t\t<\/div>\n\t\t\t\t\t<\/div>\n\t\t<\/section>\n\t\t\t\t<\/div>\n\t\t","protected":false},"excerpt":{"rendered":"<p>Mentions L\u00e9gales Identification :Nom soci\u00e9t\u00e9 : Ets PetitAdresse : 262 Rue de Fouqui\u00e8res, 62131 VaudricourtT\u00e9l\u00e9phone: 06 27 58 92 55Email: entreprise.petit@gmail.comTVA : R\u00e9alisation :Allographique90 Rue des Fr\u00e8res Caron, 62460 DIVION \u2013 FranceTVA\/BCE : FR13880087952https:\/\/www.allographique.frT\u00e9l\u00e9phone: 03 66 13 01 38 H\u00e9bergeur :OVH2 Rue Kellermann, 59100 RoubaixSite Web : www.ovh.com Donn\u00e9es personnellesAucune information personnelle n\u2019est collect\u00e9e \u00e0 votre insu.Aucune information personnelle n\u2019est c\u00e9d\u00e9e \u00e0 un tiers.Les donn\u00e9es personnelles recueillies sur le site r\u00e9sultent de la communication volontaire d\u2019informations via les formulaires pr\u00e9sents sur ce site. Ces donn\u00e9es sont exclusivement collect\u00e9es pour un usage interne \u00e0 l\u2019Entreprise : transmission des informations demand\u00e9es ou gestion de l\u2019envoi de la lettre d\u2019information.Conform\u00e9ment \u00e0 la loi du 6 janvier 1978 relative \u00e0 l\u2019informatique, aux fichiers et aux libert\u00e9s, vous disposez d\u2019un droit d\u2019acc\u00e8s, de modification, de rectification et de suppression des donn\u00e9es vous concernant. Droits d\u2019auteur et propri\u00e9t\u00e9 intellectuelleLa structure g\u00e9n\u00e9rale, ainsi que les textes, photos, images et sons composant ce site sont la propri\u00e9t\u00e9 de l\u2019Entreprise. Toute reproduction, totale ou partielle, et toute repr\u00e9sentation du contenu substantiel de ce site, d\u2019un ou de plusieurs de ses composants, par quelque proc\u00e9d\u00e9 que ce soit, sans autorisation expresse de l\u2019Entreprise, est interdite, et constitue une contrefa\u00e7on sanctionn\u00e9e par les articles L.335-2 et suivants du Code de la propri\u00e9t\u00e9 intellectuelle.Les informations, pictogrammes, photographies, images, textes, s\u00e9quences vid\u00e9o, anim\u00e9es sonores ou non, et autres documents pr\u00e9sents sur le site Internet sont prot\u00e9g\u00e9s par des droits de propri\u00e9t\u00e9 industrielle et\/ou intellectuelle, soit que L\u2019Entreprise en soit le titulaire, soit qu\u2019elle soit autoris\u00e9e \u00e0 les reproduire et les repr\u00e9senter.A ce titre, toute reproduction, repr\u00e9sentation, adaptation, traduction et\/ou modification, partielle ou int\u00e9grale ou transfert sur un autre site sont interdits.La copie sur support papier \u00e0 usage priv\u00e9 de ces diff\u00e9rents objets de droits est autoris\u00e9e conform\u00e9ment \u00e0 l\u2019article L122-5 du Code de la Propri\u00e9t\u00e9 Intellectuelle. Leur reproduction partielle ou int\u00e9grale, sans l\u2019accord pr\u00e9alable et \u00e9crit de l\u2019auteur, est strictement interdite. Responsabilit\u00e9L\u2019Entreprise ne saurait \u00eatre tenue pour responsable des erreurs mat\u00e9rielles qui se seraient gliss\u00e9es dans les documents pr\u00e9sents sur le site, malgr\u00e9 tout le soin apport\u00e9 \u00e0 leur publication.L\u2019Entreprise ne saurait non plus \u00eatre tenue pour responsable des informations, propos et opinions \u00e9mises sur les sites vers lesquels elle pointe par des liens hypertexte et dont elle n\u2019a pas la ma\u00eetrise \u00e9ditoriale.L\u2019Entreprise ne peut pas plus \u00eatre tenue pour responsable de la transmission d\u00e9fectueuse des donn\u00e9es dues aux divers r\u00e9seaux de l\u2019Internet ou aux incompatibilit\u00e9s dues au Navigateur de l\u2019Utilisateur.<\/p>\n","protected":false},"author":1,"featured_media":0,"parent":0,"menu_order":0,"comment_status":"closed","ping_status":"closed","template":"elementor_header_footer","meta":{"footnotes":""},"class_list":["post-360","page","type-page","status-publish","hentry","entry"],"yoast_head":"<!-- This site is optimized with the Yoast SEO plugin v27.3 - https:\/\/yoast.com\/product\/yoast-seo-wordpress\/ -->\n<title>Mentions l\u00e9gales - Ets Petit<\/title>\n<meta name=\"robots\" content=\"noindex, nofollow\" \/>\n<meta property=\"og:locale\" content=\"fr_FR\" \/>\n<meta property=\"og:type\" content=\"article\" \/>\n<meta property=\"og:title\" content=\"Mentions l\u00e9gales - Ets Petit\" \/>\n<meta property=\"og:description\" content=\"Mentions L\u00e9gales Identification :Nom soci\u00e9t\u00e9 : Ets PetitAdresse : 262 Rue de Fouqui\u00e8res, 62131 VaudricourtT\u00e9l\u00e9phone: 06 27 58 92 55Email: entreprise.petit@gmail.comTVA : R\u00e9alisation :Allographique90 Rue des Fr\u00e8res Caron, 62460 DIVION \u2013 FranceTVA\/BCE : FR13880087952https:\/\/www.allographique.frT\u00e9l\u00e9phone: 03 66 13 01 38 H\u00e9bergeur :OVH2 Rue Kellermann, 59100 RoubaixSite Web : www.ovh.com Donn\u00e9es personnellesAucune information personnelle n\u2019est collect\u00e9e \u00e0 votre insu.Aucune information personnelle n\u2019est c\u00e9d\u00e9e \u00e0 un tiers.Les donn\u00e9es personnelles recueillies sur le site r\u00e9sultent de la communication volontaire d\u2019informations via les formulaires pr\u00e9sents sur ce site. Ces donn\u00e9es sont exclusivement collect\u00e9es pour un usage interne \u00e0 l\u2019Entreprise : transmission des informations demand\u00e9es ou gestion de l\u2019envoi de la lettre d\u2019information.Conform\u00e9ment \u00e0 la loi du 6 janvier 1978 relative \u00e0 l\u2019informatique, aux fichiers et aux libert\u00e9s, vous disposez d\u2019un droit d\u2019acc\u00e8s, de modification, de rectification et de suppression des donn\u00e9es vous concernant. Droits d\u2019auteur et propri\u00e9t\u00e9 intellectuelleLa structure g\u00e9n\u00e9rale, ainsi que les textes, photos, images et sons composant ce site sont la propri\u00e9t\u00e9 de l\u2019Entreprise. Toute reproduction, totale ou partielle, et toute repr\u00e9sentation du contenu substantiel de ce site, d\u2019un ou de plusieurs de ses composants, par quelque proc\u00e9d\u00e9 que ce soit, sans autorisation expresse de l\u2019Entreprise, est interdite, et constitue une contrefa\u00e7on sanctionn\u00e9e par les articles L.335-2 et suivants du Code de la propri\u00e9t\u00e9 intellectuelle.Les informations, pictogrammes, photographies, images, textes, s\u00e9quences vid\u00e9o, anim\u00e9es sonores ou non, et autres documents pr\u00e9sents sur le site Internet sont prot\u00e9g\u00e9s par des droits de propri\u00e9t\u00e9 industrielle et\/ou intellectuelle, soit que L\u2019Entreprise en soit le titulaire, soit qu\u2019elle soit autoris\u00e9e \u00e0 les reproduire et les repr\u00e9senter.A ce titre, toute reproduction, repr\u00e9sentation, adaptation, traduction et\/ou modification, partielle ou int\u00e9grale ou transfert sur un autre site sont interdits.La copie sur support papier \u00e0 usage priv\u00e9 de ces diff\u00e9rents objets de droits est autoris\u00e9e conform\u00e9ment \u00e0 l\u2019article L122-5 du Code de la Propri\u00e9t\u00e9 Intellectuelle. Leur reproduction partielle ou int\u00e9grale, sans l\u2019accord pr\u00e9alable et \u00e9crit de l\u2019auteur, est strictement interdite. Responsabilit\u00e9L\u2019Entreprise ne saurait \u00eatre tenue pour responsable des erreurs mat\u00e9rielles qui se seraient gliss\u00e9es dans les documents pr\u00e9sents sur le site, malgr\u00e9 tout le soin apport\u00e9 \u00e0 leur publication.L\u2019Entreprise ne saurait non plus \u00eatre tenue pour responsable des informations, propos et opinions \u00e9mises sur les sites vers lesquels elle pointe par des liens hypertexte et dont elle n\u2019a pas la ma\u00eetrise \u00e9ditoriale.L\u2019Entreprise ne peut pas plus \u00eatre tenue pour responsable de la transmission d\u00e9fectueuse des donn\u00e9es dues aux divers r\u00e9seaux de l\u2019Internet ou aux incompatibilit\u00e9s dues au Navigateur de l\u2019Utilisateur.\" \/>\n<meta property=\"og:url\" content=\"https:\/\/etspetitspecialistetoiture.fr\/index.php\/mentions-legales\/\" \/>\n<meta property=\"og:site_name\" content=\"Ets Petit\" \/>\n<meta property=\"article:modified_time\" content=\"2024-07-12T13:24:30+00:00\" \/>\n<meta name=\"twitter:card\" content=\"summary_large_image\" \/>\n<meta name=\"twitter:label1\" content=\"Dur\u00e9e de lecture estim\u00e9e\" \/>\n\t<meta name=\"twitter:data1\" content=\"3 minutes\" \/>\n<script type=\"application\/ld+json\" class=\"yoast-schema-graph\">{\"@context\":\"https:\\\/\\\/schema.org\",\"@graph\":[{\"@type\":\"WebPage\",\"@id\":\"https:\\\/\\\/etspetitspecialistetoiture.fr\\\/index.php\\\/mentions-legales\\\/\",\"url\":\"https:\\\/\\\/etspetitspecialistetoiture.fr\\\/index.php\\\/mentions-legales\\\/\",\"name\":\"Mentions l\u00e9gales - Ets Petit\",\"isPartOf\":{\"@id\":\"https:\\\/\\\/etspetitspecialistetoiture.fr\\\/#website\"},\"datePublished\":\"2023-11-09T08:11:29+00:00\",\"dateModified\":\"2024-07-12T13:24:30+00:00\",\"breadcrumb\":{\"@id\":\"https:\\\/\\\/etspetitspecialistetoiture.fr\\\/index.php\\\/mentions-legales\\\/#breadcrumb\"},\"inLanguage\":\"fr-FR\",\"potentialAction\":[{\"@type\":\"ReadAction\",\"target\":[\"https:\\\/\\\/etspetitspecialistetoiture.fr\\\/index.php\\\/mentions-legales\\\/\"]}]},{\"@type\":\"BreadcrumbList\",\"@id\":\"https:\\\/\\\/etspetitspecialistetoiture.fr\\\/index.php\\\/mentions-legales\\\/#breadcrumb\",\"itemListElement\":[{\"@type\":\"ListItem\",\"position\":1,\"name\":\"Accueil\",\"item\":\"https:\\\/\\\/etspetitspecialistetoiture.fr\\\/\"},{\"@type\":\"ListItem\",\"position\":2,\"name\":\"Mentions l\u00e9gales\"}]},{\"@type\":\"WebSite\",\"@id\":\"https:\\\/\\\/etspetitspecialistetoiture.fr\\\/#website\",\"url\":\"https:\\\/\\\/etspetitspecialistetoiture.fr\\\/\",\"name\":\"Ets Petit\",\"description\":\"Couvreur \u00e0 Bethune - Vaudricourt - Bruay\",\"publisher\":{\"@id\":\"https:\\\/\\\/etspetitspecialistetoiture.fr\\\/#organization\"},\"potentialAction\":[{\"@type\":\"SearchAction\",\"target\":{\"@type\":\"EntryPoint\",\"urlTemplate\":\"https:\\\/\\\/etspetitspecialistetoiture.fr\\\/?s={search_term_string}\"},\"query-input\":{\"@type\":\"PropertyValueSpecification\",\"valueRequired\":true,\"valueName\":\"search_term_string\"}}],\"inLanguage\":\"fr-FR\"},{\"@type\":\"Organization\",\"@id\":\"https:\\\/\\\/etspetitspecialistetoiture.fr\\\/#organization\",\"name\":\"Ets Petit\",\"url\":\"https:\\\/\\\/etspetitspecialistetoiture.fr\\\/\",\"logo\":{\"@type\":\"ImageObject\",\"inLanguage\":\"fr-FR\",\"@id\":\"https:\\\/\\\/etspetitspecialistetoiture.fr\\\/#\\\/schema\\\/logo\\\/image\\\/\",\"url\":\"https:\\\/\\\/etspetitspecialistetoiture.fr\\\/wp-content\\\/uploads\\\/2023\\\/11\\\/logo.png\",\"contentUrl\":\"https:\\\/\\\/etspetitspecialistetoiture.fr\\\/wp-content\\\/uploads\\\/2023\\\/11\\\/logo.png\",\"width\":940,\"height\":788,\"caption\":\"Ets Petit\"},\"image\":{\"@id\":\"https:\\\/\\\/etspetitspecialistetoiture.fr\\\/#\\\/schema\\\/logo\\\/image\\\/\"}}]}<\/script>\n<!-- \/ Yoast SEO plugin. -->","yoast_head_json":{"title":"Mentions l\u00e9gales - Ets Petit","robots":{"index":"noindex","follow":"nofollow"},"og_locale":"fr_FR","og_type":"article","og_title":"Mentions l\u00e9gales - Ets Petit","og_description":"Mentions L\u00e9gales Identification :Nom soci\u00e9t\u00e9 : Ets PetitAdresse : 262 Rue de Fouqui\u00e8res, 62131 VaudricourtT\u00e9l\u00e9phone: 06 27 58 92 55Email: entreprise.petit@gmail.comTVA : R\u00e9alisation :Allographique90 Rue des Fr\u00e8res Caron, 62460 DIVION \u2013 FranceTVA\/BCE : FR13880087952https:\/\/www.allographique.frT\u00e9l\u00e9phone: 03 66 13 01 38 H\u00e9bergeur :OVH2 Rue Kellermann, 59100 RoubaixSite Web : www.ovh.com Donn\u00e9es personnellesAucune information personnelle n\u2019est collect\u00e9e \u00e0 votre insu.Aucune information personnelle n\u2019est c\u00e9d\u00e9e \u00e0 un tiers.Les donn\u00e9es personnelles recueillies sur le site r\u00e9sultent de la communication volontaire d\u2019informations via les formulaires pr\u00e9sents sur ce site. Ces donn\u00e9es sont exclusivement collect\u00e9es pour un usage interne \u00e0 l\u2019Entreprise : transmission des informations demand\u00e9es ou gestion de l\u2019envoi de la lettre d\u2019information.Conform\u00e9ment \u00e0 la loi du 6 janvier 1978 relative \u00e0 l\u2019informatique, aux fichiers et aux libert\u00e9s, vous disposez d\u2019un droit d\u2019acc\u00e8s, de modification, de rectification et de suppression des donn\u00e9es vous concernant. Droits d\u2019auteur et propri\u00e9t\u00e9 intellectuelleLa structure g\u00e9n\u00e9rale, ainsi que les textes, photos, images et sons composant ce site sont la propri\u00e9t\u00e9 de l\u2019Entreprise. Toute reproduction, totale ou partielle, et toute repr\u00e9sentation du contenu substantiel de ce site, d\u2019un ou de plusieurs de ses composants, par quelque proc\u00e9d\u00e9 que ce soit, sans autorisation expresse de l\u2019Entreprise, est interdite, et constitue une contrefa\u00e7on sanctionn\u00e9e par les articles L.335-2 et suivants du Code de la propri\u00e9t\u00e9 intellectuelle.Les informations, pictogrammes, photographies, images, textes, s\u00e9quences vid\u00e9o, anim\u00e9es sonores ou non, et autres documents pr\u00e9sents sur le site Internet sont prot\u00e9g\u00e9s par des droits de propri\u00e9t\u00e9 industrielle et\/ou intellectuelle, soit que L\u2019Entreprise en soit le titulaire, soit qu\u2019elle soit autoris\u00e9e \u00e0 les reproduire et les repr\u00e9senter.A ce titre, toute reproduction, repr\u00e9sentation, adaptation, traduction et\/ou modification, partielle ou int\u00e9grale ou transfert sur un autre site sont interdits.La copie sur support papier \u00e0 usage priv\u00e9 de ces diff\u00e9rents objets de droits est autoris\u00e9e conform\u00e9ment \u00e0 l\u2019article L122-5 du Code de la Propri\u00e9t\u00e9 Intellectuelle. Leur reproduction partielle ou int\u00e9grale, sans l\u2019accord pr\u00e9alable et \u00e9crit de l\u2019auteur, est strictement interdite. Responsabilit\u00e9L\u2019Entreprise ne saurait \u00eatre tenue pour responsable des erreurs mat\u00e9rielles qui se seraient gliss\u00e9es dans les documents pr\u00e9sents sur le site, malgr\u00e9 tout le soin apport\u00e9 \u00e0 leur publication.L\u2019Entreprise ne saurait non plus \u00eatre tenue pour responsable des informations, propos et opinions \u00e9mises sur les sites vers lesquels elle pointe par des liens hypertexte et dont elle n\u2019a pas la ma\u00eetrise \u00e9ditoriale.L\u2019Entreprise ne peut pas plus \u00eatre tenue pour responsable de la transmission d\u00e9fectueuse des donn\u00e9es dues aux divers r\u00e9seaux de l\u2019Internet ou aux incompatibilit\u00e9s dues au Navigateur de l\u2019Utilisateur.","og_url":"https:\/\/etspetitspecialistetoiture.fr\/index.php\/mentions-legales\/","og_site_name":"Ets Petit","article_modified_time":"2024-07-12T13:24:30+00:00","twitter_card":"summary_large_image","twitter_misc":{"Dur\u00e9e de lecture estim\u00e9e":"3 minutes"},"schema":{"@context":"https:\/\/schema.org","@graph":[{"@type":"WebPage","@id":"https:\/\/etspetitspecialistetoiture.fr\/index.php\/mentions-legales\/","url":"https:\/\/etspetitspecialistetoiture.fr\/index.php\/mentions-legales\/","name":"Mentions l\u00e9gales - Ets Petit","isPartOf":{"@id":"https:\/\/etspetitspecialistetoiture.fr\/#website"},"datePublished":"2023-11-09T08:11:29+00:00","dateModified":"2024-07-12T13:24:30+00:00","breadcrumb":{"@id":"https:\/\/etspetitspecialistetoiture.fr\/index.php\/mentions-legales\/#breadcrumb"},"inLanguage":"fr-FR","potentialAction":[{"@type":"ReadAction","target":["https:\/\/etspetitspecialistetoiture.fr\/index.php\/mentions-legales\/"]}]},{"@type":"BreadcrumbList","@id":"https:\/\/etspetitspecialistetoiture.fr\/index.php\/mentions-legales\/#breadcrumb","itemListElement":[{"@type":"ListItem","position":1,"name":"Accueil","item":"https:\/\/etspetitspecialistetoiture.fr\/"},{"@type":"ListItem","position":2,"name":"Mentions l\u00e9gales"}]},{"@type":"WebSite","@id":"https:\/\/etspetitspecialistetoiture.fr\/#website","url":"https:\/\/etspetitspecialistetoiture.fr\/","name":"Ets Petit","description":"Couvreur \u00e0 Bethune - Vaudricourt - Bruay","publisher":{"@id":"https:\/\/etspetitspecialistetoiture.fr\/#organization"},"potentialAction":[{"@type":"SearchAction","target":{"@type":"EntryPoint","urlTemplate":"https:\/\/etspetitspecialistetoiture.fr\/?s={search_term_string}"},"query-input":{"@type":"PropertyValueSpecification","valueRequired":true,"valueName":"search_term_string"}}],"inLanguage":"fr-FR"},{"@type":"Organization","@id":"https:\/\/etspetitspecialistetoiture.fr\/#organization","name":"Ets Petit","url":"https:\/\/etspetitspecialistetoiture.fr\/","logo":{"@type":"ImageObject","inLanguage":"fr-FR","@id":"https:\/\/etspetitspecialistetoiture.fr\/#\/schema\/logo\/image\/","url":"https:\/\/etspetitspecialistetoiture.fr\/wp-content\/uploads\/2023\/11\/logo.png","contentUrl":"https:\/\/etspetitspecialistetoiture.fr\/wp-content\/uploads\/2023\/11\/logo.png","width":940,"height":788,"caption":"Ets Petit"},"image":{"@id":"https:\/\/etspetitspecialistetoiture.fr\/#\/schema\/logo\/image\/"}}]}},"_links":{"self":[{"href":"https:\/\/etspetitspecialistetoiture.fr\/index.php\/wp-json\/wp\/v2\/pages\/360","targetHints":{"allow":["GET"]}}],"collection":[{"href":"https:\/\/etspetitspecialistetoiture.fr\/index.php\/wp-json\/wp\/v2\/pages"}],"about":[{"href":"https:\/\/etspetitspecialistetoiture.fr\/index.php\/wp-json\/wp\/v2\/types\/page"}],"author":[{"embeddable":true,"href":"https:\/\/etspetitspecialistetoiture.fr\/index.php\/wp-json\/wp\/v2\/users\/1"}],"replies":[{"embeddable":true,"href":"https:\/\/etspetitspecialistetoiture.fr\/index.php\/wp-json\/wp\/v2\/comments?post=360"}],"version-history":[{"count":19,"href":"https:\/\/etspetitspecialistetoiture.fr\/index.php\/wp-json\/wp\/v2\/pages\/360\/revisions"}],"predecessor-version":[{"id":1032,"href":"https:\/\/etspetitspecialistetoiture.fr\/index.php\/wp-json\/wp\/v2\/pages\/360\/revisions\/1032"}],"wp:attachment":[{"href":"https:\/\/etspetitspecialistetoiture.fr\/index.php\/wp-json\/wp\/v2\/media?parent=360"}],"curies":[{"name":"wp","href":"https:\/\/api.w.org\/{rel}","templated":true}]}}