{"id":1028,"date":"2024-07-12T15:23:13","date_gmt":"2024-07-12T13:23:13","guid":{"rendered":"https:\/\/etspetitspecialistetoiture.fr\/?page_id=1028"},"modified":"2024-07-12T15:36:44","modified_gmt":"2024-07-12T13:36:44","slug":"politique-de-confidentialite","status":"publish","type":"page","link":"https:\/\/etspetitspecialistetoiture.fr\/index.php\/politique-de-confidentialite\/","title":{"rendered":"Politique de confidentialit\u00e9"},"content":{"rendered":"\t\t<div data-elementor-type=\"wp-page\" data-elementor-id=\"1028\" class=\"elementor elementor-1028\" data-elementor-settings=\"{&quot;ha_cmc_init_switcher&quot;:&quot;no&quot;}\">\n\t\t\t\t\t\t<section class=\"elementor-section elementor-top-section elementor-element elementor-element-b6b0963 elementor-section-boxed elementor-section-height-default elementor-section-height-default wpr-particle-no wpr-jarallax-no wpr-parallax-no wpr-sticky-section-no\" data-id=\"b6b0963\" data-element_type=\"section\" data-e-type=\"section\" data-settings=\"{&quot;_ha_eqh_enable&quot;:false}\">\n\t\t\t\t\t\t<div class=\"elementor-container elementor-column-gap-default\">\n\t\t\t\t\t<div class=\"elementor-column elementor-col-100 elementor-top-column elementor-element elementor-element-1c6de17\" data-id=\"1c6de17\" data-element_type=\"column\" data-e-type=\"column\">\n\t\t\t<div class=\"elementor-widget-wrap elementor-element-populated\">\n\t\t\t\t\t\t<div class=\"elementor-element elementor-element-f73b73b elementor-widget elementor-widget-text-editor\" data-id=\"f73b73b\" data-element_type=\"widget\" data-e-type=\"widget\" data-widget_type=\"text-editor.default\">\n\t\t\t\t<div class=\"elementor-widget-container\">\n\t\t\t\t\t\t\t\t\t<p><strong>Politique de Confidentialit\u00e9<\/strong><\/p><p>Cette Politique de Confidentialit\u00e9 d\u00e9crit comment ETS Petit collecte, utilise et prot\u00e8ge les informations personnelles que vous fournissez sur notre site web https:\/\/etspetitspecialistetoiture.fr\/. En utilisant notre site, vous acceptez les pratiques d\u00e9crites dans cette politique.<\/p><p><strong>Collecte des informations<\/strong><\/p><p>Nous collectons des informations personnelles lorsque vous remplissez le formulaire de contact sur notre site. Les informations collect\u00e9es peuvent inclure votre nom, votre adresse e-mail, votre num\u00e9ro de t\u00e9l\u00e9phone et toute autre information que vous choisissez de fournir.<\/p><p><strong>Utilisation des informations<\/strong><\/p><p>Les informations que nous collectons peuvent \u00eatre utilis\u00e9es de la mani\u00e8re suivante :<br \/>&#8211; Pour r\u00e9pondre \u00e0 vos demandes de renseignements et vous fournir des informations sur nos services.<br \/>&#8211; Pour am\u00e9liorer notre site web et nos services en fonction de vos retours.<\/p><p><strong>Protection des informations<\/strong><\/p><p>Nous mettons en \u0153uvre des mesures de s\u00e9curit\u00e9 pour prot\u00e9ger vos informations personnelles contre l\u2019acc\u00e8s non autoris\u00e9, la modification, la divulgation ou la destruction. Cependant, aucune m\u00e9thode de transmission sur Internet ou de stockage \u00e9lectronique n\u2019est s\u00e9curis\u00e9e \u00e0 100 %, et nous ne pouvons garantir leur s\u00e9curit\u00e9 absolue.<\/p><p><strong>Partage des informations<\/strong><\/p><p>Nous ne vendons, n\u2019\u00e9changeons ni ne louons vos informations personnelles \u00e0 des tiers. Nous pouvons partager des informations d\u00e9mographiques agr\u00e9g\u00e9es non li\u00e9es \u00e0 des informations personnelles identifiables avec nos partenaires et annonceurs de confiance \u00e0 des fins de marketing, de publicit\u00e9 ou autres.<\/p><p><strong>Utilisation des cookies<\/strong><\/p><p>Notre site peut utiliser des \u201ccookies\u201d pour am\u00e9liorer l\u2019exp\u00e9rience utilisateur. Les cookies sont des fichiers texte plac\u00e9s sur votre ordinateur pour recueillir des informations standards d\u2019enregistrement sur Internet et des informations sur le comportement des visiteurs. Vous pouvez choisir de configurer votre navigateur pour refuser les cookies, ou pour vous alerter lorsque des cookies sont envoy\u00e9s. Cependant, certaines parties du site peuvent ne pas fonctionner correctement sans cookies.<\/p><p><strong>Liens vers des sites tiers<\/strong><\/p><p>Notre site peut contenir des liens vers des sites web tiers. Nous ne contr\u00f4lons pas le contenu ou les liens qui apparaissent sur ces sites et ne sommes pas responsables des pratiques employ\u00e9es par les sites web li\u00e9s \u00e0 ou depuis notre site. De plus, ces sites ou services, y compris leur contenu et leurs liens, peuvent \u00e9voluer constamment. Ces sites et services peuvent avoir leurs propres politiques de confidentialit\u00e9 et politiques de service \u00e0 la client\u00e8le.<\/p><p><strong>Modifications de cette politique de confidentialit\u00e9<\/strong><\/p><p>ETS Petit a le pouvoir discr\u00e9tionnaire de mettre \u00e0 jour cette politique de confidentialit\u00e9 \u00e0 tout moment. Nous vous encourageons \u00e0 consulter fr\u00e9quemment cette page pour toute modification. Vous reconnaissez et acceptez qu\u2019il est de votre responsabilit\u00e9 de revoir cette politique de confidentialit\u00e9 p\u00e9riodiquement et de prendre connaissance des modifications.<\/p><p><strong>Contactez-nous<\/strong><\/p><p>Si vous avez des questions concernant cette politique de confidentialit\u00e9, les pratiques de ce site ou vos transactions avec ce site, veuillez nous contacter \u00e0 :<\/p><p>ETS Petit <br \/>262 Rue de Fouqui\u00e8res, <br \/>62131 Vaudricourt <br \/>T\u00e9l\u00e9phone : 06 27 58 92 25 <br \/>E-mail : entreprise.petit@gmail.com <br \/>https:\/\/jt-toitures.fr\/<\/p><p>Cette politique de confidentialit\u00e9 a \u00e9t\u00e9 mise \u00e0 jour le 11\/07\/2024.<\/p>\t\t\t\t\t\t\t\t<\/div>\n\t\t\t\t<\/div>\n\t\t\t\t\t<\/div>\n\t\t<\/div>\n\t\t\t\t\t<\/div>\n\t\t<\/section>\n\t\t\t\t<\/div>\n\t\t","protected":false},"excerpt":{"rendered":"<p>Politique de Confidentialit\u00e9 Cette Politique de Confidentialit\u00e9 d\u00e9crit comment ETS Petit collecte, utilise et prot\u00e8ge les informations personnelles que vous fournissez sur notre site web https:\/\/etspetitspecialistetoiture.fr\/. En utilisant notre site, vous acceptez les pratiques d\u00e9crites dans cette politique. Collecte des informations Nous collectons des informations personnelles lorsque vous remplissez le formulaire de contact sur notre site. Les informations collect\u00e9es peuvent inclure votre nom, votre adresse e-mail, votre num\u00e9ro de t\u00e9l\u00e9phone et toute autre information que vous choisissez de fournir. Utilisation des informations Les informations que nous collectons peuvent \u00eatre utilis\u00e9es de la mani\u00e8re suivante :&#8211; Pour r\u00e9pondre \u00e0 vos demandes de renseignements et vous fournir des informations sur nos services.&#8211; Pour am\u00e9liorer notre site web et nos services en fonction de vos retours. Protection des informations Nous mettons en \u0153uvre des mesures de s\u00e9curit\u00e9 pour prot\u00e9ger vos informations personnelles contre l\u2019acc\u00e8s non autoris\u00e9, la modification, la divulgation ou la destruction. Cependant, aucune m\u00e9thode de transmission sur Internet ou de stockage \u00e9lectronique n\u2019est s\u00e9curis\u00e9e \u00e0 100 %, et nous ne pouvons garantir leur s\u00e9curit\u00e9 absolue. Partage des informations Nous ne vendons, n\u2019\u00e9changeons ni ne louons vos informations personnelles \u00e0 des tiers. Nous pouvons partager des informations d\u00e9mographiques agr\u00e9g\u00e9es non li\u00e9es \u00e0 des informations personnelles identifiables avec nos partenaires et annonceurs de confiance \u00e0 des fins de marketing, de publicit\u00e9 ou autres. Utilisation des cookies Notre site peut utiliser des \u201ccookies\u201d pour am\u00e9liorer l\u2019exp\u00e9rience utilisateur. Les cookies sont des fichiers texte plac\u00e9s sur votre ordinateur pour recueillir des informations standards d\u2019enregistrement sur Internet et des informations sur le comportement des visiteurs. Vous pouvez choisir de configurer votre navigateur pour refuser les cookies, ou pour vous alerter lorsque des cookies sont envoy\u00e9s. Cependant, certaines parties du site peuvent ne pas fonctionner correctement sans cookies. Liens vers des sites tiers Notre site peut contenir des liens vers des sites web tiers. Nous ne contr\u00f4lons pas le contenu ou les liens qui apparaissent sur ces sites et ne sommes pas responsables des pratiques employ\u00e9es par les sites web li\u00e9s \u00e0 ou depuis notre site. De plus, ces sites ou services, y compris leur contenu et leurs liens, peuvent \u00e9voluer constamment. Ces sites et services peuvent avoir leurs propres politiques de confidentialit\u00e9 et politiques de service \u00e0 la client\u00e8le. Modifications de cette politique de confidentialit\u00e9 ETS Petit a le pouvoir discr\u00e9tionnaire de mettre \u00e0 jour cette politique de confidentialit\u00e9 \u00e0 tout moment. Nous vous encourageons \u00e0 consulter fr\u00e9quemment cette page pour toute modification. Vous reconnaissez et acceptez qu\u2019il est de votre responsabilit\u00e9 de revoir cette politique de confidentialit\u00e9 p\u00e9riodiquement et de prendre connaissance des modifications. Contactez-nous Si vous avez des questions concernant cette politique de confidentialit\u00e9, les pratiques de ce site ou vos transactions avec ce site, veuillez nous contacter \u00e0 : ETS Petit 262 Rue de Fouqui\u00e8res, 62131 Vaudricourt T\u00e9l\u00e9phone : 06 27 58 92 25 E-mail : entreprise.petit@gmail.com https:\/\/jt-toitures.fr\/ Cette politique de confidentialit\u00e9 a \u00e9t\u00e9 mise \u00e0 jour le 11\/07\/2024.<\/p>\n","protected":false},"author":1,"featured_media":0,"parent":0,"menu_order":0,"comment_status":"closed","ping_status":"closed","template":"elementor_header_footer","meta":{"footnotes":""},"class_list":["post-1028","page","type-page","status-publish","hentry","entry"],"yoast_head":"<!-- This site is optimized with the Yoast SEO plugin v27.3 - https:\/\/yoast.com\/product\/yoast-seo-wordpress\/ -->\n<title>Politique de confidentialit\u00e9 - Ets Petit<\/title>\n<meta name=\"robots\" content=\"noindex, follow\" \/>\n<meta property=\"og:locale\" content=\"fr_FR\" \/>\n<meta property=\"og:type\" content=\"article\" \/>\n<meta property=\"og:title\" content=\"Politique de confidentialit\u00e9 - Ets Petit\" \/>\n<meta property=\"og:description\" content=\"Politique de Confidentialit\u00e9 Cette Politique de Confidentialit\u00e9 d\u00e9crit comment ETS Petit collecte, utilise et prot\u00e8ge les informations personnelles que vous fournissez sur notre site web https:\/\/etspetitspecialistetoiture.fr\/. En utilisant notre site, vous acceptez les pratiques d\u00e9crites dans cette politique. Collecte des informations Nous collectons des informations personnelles lorsque vous remplissez le formulaire de contact sur notre site. Les informations collect\u00e9es peuvent inclure votre nom, votre adresse e-mail, votre num\u00e9ro de t\u00e9l\u00e9phone et toute autre information que vous choisissez de fournir. Utilisation des informations Les informations que nous collectons peuvent \u00eatre utilis\u00e9es de la mani\u00e8re suivante :&#8211; Pour r\u00e9pondre \u00e0 vos demandes de renseignements et vous fournir des informations sur nos services.&#8211; Pour am\u00e9liorer notre site web et nos services en fonction de vos retours. Protection des informations Nous mettons en \u0153uvre des mesures de s\u00e9curit\u00e9 pour prot\u00e9ger vos informations personnelles contre l\u2019acc\u00e8s non autoris\u00e9, la modification, la divulgation ou la destruction. Cependant, aucune m\u00e9thode de transmission sur Internet ou de stockage \u00e9lectronique n\u2019est s\u00e9curis\u00e9e \u00e0 100 %, et nous ne pouvons garantir leur s\u00e9curit\u00e9 absolue. Partage des informations Nous ne vendons, n\u2019\u00e9changeons ni ne louons vos informations personnelles \u00e0 des tiers. Nous pouvons partager des informations d\u00e9mographiques agr\u00e9g\u00e9es non li\u00e9es \u00e0 des informations personnelles identifiables avec nos partenaires et annonceurs de confiance \u00e0 des fins de marketing, de publicit\u00e9 ou autres. Utilisation des cookies Notre site peut utiliser des \u201ccookies\u201d pour am\u00e9liorer l\u2019exp\u00e9rience utilisateur. Les cookies sont des fichiers texte plac\u00e9s sur votre ordinateur pour recueillir des informations standards d\u2019enregistrement sur Internet et des informations sur le comportement des visiteurs. Vous pouvez choisir de configurer votre navigateur pour refuser les cookies, ou pour vous alerter lorsque des cookies sont envoy\u00e9s. Cependant, certaines parties du site peuvent ne pas fonctionner correctement sans cookies. Liens vers des sites tiers Notre site peut contenir des liens vers des sites web tiers. Nous ne contr\u00f4lons pas le contenu ou les liens qui apparaissent sur ces sites et ne sommes pas responsables des pratiques employ\u00e9es par les sites web li\u00e9s \u00e0 ou depuis notre site. De plus, ces sites ou services, y compris leur contenu et leurs liens, peuvent \u00e9voluer constamment. Ces sites et services peuvent avoir leurs propres politiques de confidentialit\u00e9 et politiques de service \u00e0 la client\u00e8le. Modifications de cette politique de confidentialit\u00e9 ETS Petit a le pouvoir discr\u00e9tionnaire de mettre \u00e0 jour cette politique de confidentialit\u00e9 \u00e0 tout moment. Nous vous encourageons \u00e0 consulter fr\u00e9quemment cette page pour toute modification. Vous reconnaissez et acceptez qu\u2019il est de votre responsabilit\u00e9 de revoir cette politique de confidentialit\u00e9 p\u00e9riodiquement et de prendre connaissance des modifications. Contactez-nous Si vous avez des questions concernant cette politique de confidentialit\u00e9, les pratiques de ce site ou vos transactions avec ce site, veuillez nous contacter \u00e0 : ETS Petit 262 Rue de Fouqui\u00e8res, 62131 Vaudricourt T\u00e9l\u00e9phone : 06 27 58 92 25 E-mail : entreprise.petit@gmail.com https:\/\/jt-toitures.fr\/ Cette politique de confidentialit\u00e9 a \u00e9t\u00e9 mise \u00e0 jour le 11\/07\/2024.\" \/>\n<meta property=\"og:url\" content=\"https:\/\/etspetitspecialistetoiture.fr\/index.php\/politique-de-confidentialite\/\" \/>\n<meta property=\"og:site_name\" content=\"Ets Petit\" \/>\n<meta property=\"article:modified_time\" content=\"2024-07-12T13:36:44+00:00\" \/>\n<meta name=\"twitter:card\" content=\"summary_large_image\" \/>\n<meta name=\"twitter:label1\" content=\"Dur\u00e9e de lecture estim\u00e9e\" \/>\n\t<meta name=\"twitter:data1\" content=\"3 minutes\" \/>\n<script type=\"application\/ld+json\" class=\"yoast-schema-graph\">{\"@context\":\"https:\\\/\\\/schema.org\",\"@graph\":[{\"@type\":\"WebPage\",\"@id\":\"https:\\\/\\\/etspetitspecialistetoiture.fr\\\/index.php\\\/politique-de-confidentialite\\\/\",\"url\":\"https:\\\/\\\/etspetitspecialistetoiture.fr\\\/index.php\\\/politique-de-confidentialite\\\/\",\"name\":\"Politique de confidentialit\u00e9 - Ets Petit\",\"isPartOf\":{\"@id\":\"https:\\\/\\\/etspetitspecialistetoiture.fr\\\/#website\"},\"datePublished\":\"2024-07-12T13:23:13+00:00\",\"dateModified\":\"2024-07-12T13:36:44+00:00\",\"breadcrumb\":{\"@id\":\"https:\\\/\\\/etspetitspecialistetoiture.fr\\\/index.php\\\/politique-de-confidentialite\\\/#breadcrumb\"},\"inLanguage\":\"fr-FR\",\"potentialAction\":[{\"@type\":\"ReadAction\",\"target\":[\"https:\\\/\\\/etspetitspecialistetoiture.fr\\\/index.php\\\/politique-de-confidentialite\\\/\"]}]},{\"@type\":\"BreadcrumbList\",\"@id\":\"https:\\\/\\\/etspetitspecialistetoiture.fr\\\/index.php\\\/politique-de-confidentialite\\\/#breadcrumb\",\"itemListElement\":[{\"@type\":\"ListItem\",\"position\":1,\"name\":\"Accueil\",\"item\":\"https:\\\/\\\/etspetitspecialistetoiture.fr\\\/\"},{\"@type\":\"ListItem\",\"position\":2,\"name\":\"Politique de confidentialit\u00e9\"}]},{\"@type\":\"WebSite\",\"@id\":\"https:\\\/\\\/etspetitspecialistetoiture.fr\\\/#website\",\"url\":\"https:\\\/\\\/etspetitspecialistetoiture.fr\\\/\",\"name\":\"Ets Petit\",\"description\":\"Couvreur \u00e0 Bethune - Vaudricourt - Bruay\",\"publisher\":{\"@id\":\"https:\\\/\\\/etspetitspecialistetoiture.fr\\\/#organization\"},\"potentialAction\":[{\"@type\":\"SearchAction\",\"target\":{\"@type\":\"EntryPoint\",\"urlTemplate\":\"https:\\\/\\\/etspetitspecialistetoiture.fr\\\/?s={search_term_string}\"},\"query-input\":{\"@type\":\"PropertyValueSpecification\",\"valueRequired\":true,\"valueName\":\"search_term_string\"}}],\"inLanguage\":\"fr-FR\"},{\"@type\":\"Organization\",\"@id\":\"https:\\\/\\\/etspetitspecialistetoiture.fr\\\/#organization\",\"name\":\"Ets Petit\",\"url\":\"https:\\\/\\\/etspetitspecialistetoiture.fr\\\/\",\"logo\":{\"@type\":\"ImageObject\",\"inLanguage\":\"fr-FR\",\"@id\":\"https:\\\/\\\/etspetitspecialistetoiture.fr\\\/#\\\/schema\\\/logo\\\/image\\\/\",\"url\":\"https:\\\/\\\/etspetitspecialistetoiture.fr\\\/wp-content\\\/uploads\\\/2023\\\/11\\\/logo.png\",\"contentUrl\":\"https:\\\/\\\/etspetitspecialistetoiture.fr\\\/wp-content\\\/uploads\\\/2023\\\/11\\\/logo.png\",\"width\":940,\"height\":788,\"caption\":\"Ets Petit\"},\"image\":{\"@id\":\"https:\\\/\\\/etspetitspecialistetoiture.fr\\\/#\\\/schema\\\/logo\\\/image\\\/\"}}]}<\/script>\n<!-- \/ Yoast SEO plugin. -->","yoast_head_json":{"title":"Politique de confidentialit\u00e9 - Ets Petit","robots":{"index":"noindex","follow":"follow"},"og_locale":"fr_FR","og_type":"article","og_title":"Politique de confidentialit\u00e9 - Ets Petit","og_description":"Politique de Confidentialit\u00e9 Cette Politique de Confidentialit\u00e9 d\u00e9crit comment ETS Petit collecte, utilise et prot\u00e8ge les informations personnelles que vous fournissez sur notre site web https:\/\/etspetitspecialistetoiture.fr\/. En utilisant notre site, vous acceptez les pratiques d\u00e9crites dans cette politique. Collecte des informations Nous collectons des informations personnelles lorsque vous remplissez le formulaire de contact sur notre site. Les informations collect\u00e9es peuvent inclure votre nom, votre adresse e-mail, votre num\u00e9ro de t\u00e9l\u00e9phone et toute autre information que vous choisissez de fournir. Utilisation des informations Les informations que nous collectons peuvent \u00eatre utilis\u00e9es de la mani\u00e8re suivante :&#8211; Pour r\u00e9pondre \u00e0 vos demandes de renseignements et vous fournir des informations sur nos services.&#8211; Pour am\u00e9liorer notre site web et nos services en fonction de vos retours. Protection des informations Nous mettons en \u0153uvre des mesures de s\u00e9curit\u00e9 pour prot\u00e9ger vos informations personnelles contre l\u2019acc\u00e8s non autoris\u00e9, la modification, la divulgation ou la destruction. Cependant, aucune m\u00e9thode de transmission sur Internet ou de stockage \u00e9lectronique n\u2019est s\u00e9curis\u00e9e \u00e0 100 %, et nous ne pouvons garantir leur s\u00e9curit\u00e9 absolue. Partage des informations Nous ne vendons, n\u2019\u00e9changeons ni ne louons vos informations personnelles \u00e0 des tiers. Nous pouvons partager des informations d\u00e9mographiques agr\u00e9g\u00e9es non li\u00e9es \u00e0 des informations personnelles identifiables avec nos partenaires et annonceurs de confiance \u00e0 des fins de marketing, de publicit\u00e9 ou autres. Utilisation des cookies Notre site peut utiliser des \u201ccookies\u201d pour am\u00e9liorer l\u2019exp\u00e9rience utilisateur. Les cookies sont des fichiers texte plac\u00e9s sur votre ordinateur pour recueillir des informations standards d\u2019enregistrement sur Internet et des informations sur le comportement des visiteurs. Vous pouvez choisir de configurer votre navigateur pour refuser les cookies, ou pour vous alerter lorsque des cookies sont envoy\u00e9s. Cependant, certaines parties du site peuvent ne pas fonctionner correctement sans cookies. Liens vers des sites tiers Notre site peut contenir des liens vers des sites web tiers. Nous ne contr\u00f4lons pas le contenu ou les liens qui apparaissent sur ces sites et ne sommes pas responsables des pratiques employ\u00e9es par les sites web li\u00e9s \u00e0 ou depuis notre site. De plus, ces sites ou services, y compris leur contenu et leurs liens, peuvent \u00e9voluer constamment. Ces sites et services peuvent avoir leurs propres politiques de confidentialit\u00e9 et politiques de service \u00e0 la client\u00e8le. Modifications de cette politique de confidentialit\u00e9 ETS Petit a le pouvoir discr\u00e9tionnaire de mettre \u00e0 jour cette politique de confidentialit\u00e9 \u00e0 tout moment. Nous vous encourageons \u00e0 consulter fr\u00e9quemment cette page pour toute modification. Vous reconnaissez et acceptez qu\u2019il est de votre responsabilit\u00e9 de revoir cette politique de confidentialit\u00e9 p\u00e9riodiquement et de prendre connaissance des modifications. Contactez-nous Si vous avez des questions concernant cette politique de confidentialit\u00e9, les pratiques de ce site ou vos transactions avec ce site, veuillez nous contacter \u00e0 : ETS Petit 262 Rue de Fouqui\u00e8res, 62131 Vaudricourt T\u00e9l\u00e9phone : 06 27 58 92 25 E-mail : entreprise.petit@gmail.com https:\/\/jt-toitures.fr\/ Cette politique de confidentialit\u00e9 a \u00e9t\u00e9 mise \u00e0 jour le 11\/07\/2024.","og_url":"https:\/\/etspetitspecialistetoiture.fr\/index.php\/politique-de-confidentialite\/","og_site_name":"Ets Petit","article_modified_time":"2024-07-12T13:36:44+00:00","twitter_card":"summary_large_image","twitter_misc":{"Dur\u00e9e de lecture estim\u00e9e":"3 minutes"},"schema":{"@context":"https:\/\/schema.org","@graph":[{"@type":"WebPage","@id":"https:\/\/etspetitspecialistetoiture.fr\/index.php\/politique-de-confidentialite\/","url":"https:\/\/etspetitspecialistetoiture.fr\/index.php\/politique-de-confidentialite\/","name":"Politique de confidentialit\u00e9 - Ets Petit","isPartOf":{"@id":"https:\/\/etspetitspecialistetoiture.fr\/#website"},"datePublished":"2024-07-12T13:23:13+00:00","dateModified":"2024-07-12T13:36:44+00:00","breadcrumb":{"@id":"https:\/\/etspetitspecialistetoiture.fr\/index.php\/politique-de-confidentialite\/#breadcrumb"},"inLanguage":"fr-FR","potentialAction":[{"@type":"ReadAction","target":["https:\/\/etspetitspecialistetoiture.fr\/index.php\/politique-de-confidentialite\/"]}]},{"@type":"BreadcrumbList","@id":"https:\/\/etspetitspecialistetoiture.fr\/index.php\/politique-de-confidentialite\/#breadcrumb","itemListElement":[{"@type":"ListItem","position":1,"name":"Accueil","item":"https:\/\/etspetitspecialistetoiture.fr\/"},{"@type":"ListItem","position":2,"name":"Politique de confidentialit\u00e9"}]},{"@type":"WebSite","@id":"https:\/\/etspetitspecialistetoiture.fr\/#website","url":"https:\/\/etspetitspecialistetoiture.fr\/","name":"Ets Petit","description":"Couvreur \u00e0 Bethune - Vaudricourt - Bruay","publisher":{"@id":"https:\/\/etspetitspecialistetoiture.fr\/#organization"},"potentialAction":[{"@type":"SearchAction","target":{"@type":"EntryPoint","urlTemplate":"https:\/\/etspetitspecialistetoiture.fr\/?s={search_term_string}"},"query-input":{"@type":"PropertyValueSpecification","valueRequired":true,"valueName":"search_term_string"}}],"inLanguage":"fr-FR"},{"@type":"Organization","@id":"https:\/\/etspetitspecialistetoiture.fr\/#organization","name":"Ets Petit","url":"https:\/\/etspetitspecialistetoiture.fr\/","logo":{"@type":"ImageObject","inLanguage":"fr-FR","@id":"https:\/\/etspetitspecialistetoiture.fr\/#\/schema\/logo\/image\/","url":"https:\/\/etspetitspecialistetoiture.fr\/wp-content\/uploads\/2023\/11\/logo.png","contentUrl":"https:\/\/etspetitspecialistetoiture.fr\/wp-content\/uploads\/2023\/11\/logo.png","width":940,"height":788,"caption":"Ets Petit"},"image":{"@id":"https:\/\/etspetitspecialistetoiture.fr\/#\/schema\/logo\/image\/"}}]}},"_links":{"self":[{"href":"https:\/\/etspetitspecialistetoiture.fr\/index.php\/wp-json\/wp\/v2\/pages\/1028","targetHints":{"allow":["GET"]}}],"collection":[{"href":"https:\/\/etspetitspecialistetoiture.fr\/index.php\/wp-json\/wp\/v2\/pages"}],"about":[{"href":"https:\/\/etspetitspecialistetoiture.fr\/index.php\/wp-json\/wp\/v2\/types\/page"}],"author":[{"embeddable":true,"href":"https:\/\/etspetitspecialistetoiture.fr\/index.php\/wp-json\/wp\/v2\/users\/1"}],"replies":[{"embeddable":true,"href":"https:\/\/etspetitspecialistetoiture.fr\/index.php\/wp-json\/wp\/v2\/comments?post=1028"}],"version-history":[{"count":4,"href":"https:\/\/etspetitspecialistetoiture.fr\/index.php\/wp-json\/wp\/v2\/pages\/1028\/revisions"}],"predecessor-version":[{"id":1036,"href":"https:\/\/etspetitspecialistetoiture.fr\/index.php\/wp-json\/wp\/v2\/pages\/1028\/revisions\/1036"}],"wp:attachment":[{"href":"https:\/\/etspetitspecialistetoiture.fr\/index.php\/wp-json\/wp\/v2\/media?parent=1028"}],"curies":[{"name":"wp","href":"https:\/\/api.w.org\/{rel}","templated":true}]}}